{"id":29490,"date":"2024-08-28T12:49:37","date_gmt":"2024-08-28T10:49:37","guid":{"rendered":"https:\/\/mehrkorea.de\/?post_type=product&#038;p=29490"},"modified":"2025-07-24T20:59:41","modified_gmt":"2025-07-24T18:59:41","slug":"dr-oracle-antibac-moisturing-gel-cream-50-ml-ru","status":"publish","type":"product","link":"https:\/\/mehrkorea.de\/ru\/shop\/%d1%83%d1%85%d0%be%d0%b4-%d0%b7%d0%b0-%d0%ba%d0%be%d0%b6%d0%b5%d0%b9\/%d0%ba%d1%80%d0%b5%d0%bc%d1%8b\/dr-oracle-antibac-moisturing-gel-cream-50-ml-ru\/","title":{"rendered":"Dr.Oracle \u0410\u043d\u0442\u0438\u0431\u0430\u043a\u0442\u0435\u0440\u0438\u0430\u043b\u044c\u043d\u044b\u0439 \u043a\u0440\u0435\u043c-\u0433\u0435\u043b\u044c \u0434\u043b\u044f \u043f\u0440\u043e\u0431\u043b\u0435\u043c\u043d\u043e\u0439 \u043a\u043e\u0436\u0438 50 \u043c\u043b."},"content":{"rendered":"<p>Wasser, Cyclopentasiloxan, Glycerin, Cyclomethicon, Dimethicon, Dimethicon Vinyldimethicon Crosspolymer, Hydroxyethylacrylatnatrium Acryloyldimethyltaurat Copolymer, Davidulmenwurzelextrakt, Amaranth-Saatgutextrakt, Kava-Kava-Stammwurzelextrakt, Cranberry-Fruchtextrakt, Salbeiblatt-Extrakt, Apfelminzblatt-Extrakt, Kiefer-Niere-Extrakt, Kava-Kava-Stammwurzelextrakt, gro\u00dffr\u00fcchtige Cranberry-Fruchtextrakt, Salbeiblatt-Extrakt, Apfelminzblatt-Extrakt, Kiefer-Niere-Extrakt , aloe vera Blattextrakt, Rosenstock-Extrakt, Gartenportula-Extrakt, Pueraria-Blattwurzelextrakt, S\u00fc\u00dfholzwurzelextrakt, Milchbl\u00fctenpfingstrosenextrakt, extrakt der Wurzel, Extrakt der Linde, Zuckerrohrextrakt, Extrakt der herzzelligen Haut, Extrakt des alpinen Edelwei\u00dfs, Extrakt des medizinischen Jasmins, Extrakt aus den Bl\u00e4ttern der Zypressen, Extrakt aus den Bl\u00fcten, Bl\u00e4ttern und Stielen der Zitronenmelisse, Extrakt aus den Bl\u00fcten der Kornblume, Bambusblatts\u00e4ften, Kokos\u00f6l, l\u00f6sliches Kollagen, Aloe Vera Blattsaft, japanischer Planesaft Birkensaft, hydriertes Lecithin, Zitronenmelisse, Zitronenmelisse natriumhyaluronat, Ylang-Ylang-Bl\u00fcten\u00f6l, Squalen, 1,2-Hexandiol, Carbomer, Triethanolamin, Polysorbat 20, PEG-10 Dimethicon,<br \/>\npolysorbat 60, Ethylhexylglycerin, Butylenglykol, Dicalia Glycyrrhisat, Betain, Xanthangummi, Glycerylkaprilat, Aroma, Phenoxyethanol.<\/p>\n","protected":false},"excerpt":{"rendered":"<h4>\u0422\u0438\u043f \u043a\u043e\u0436\u0438:<\/h4>\n<p style=\"color: #649987;\">\u041a\u043e\u043c\u0431\u0438\u043d\u0438\u0440\u043e\u0432\u0430\u043d\u043d\u0430\u044f \u043a\u043e\u0436\u0430, \u041f\u0440\u043e\u0431\u043b\u0435\u043c\u043d\u0430\u044f \u043a\u043e\u0436\u0430, \u0416\u0438\u0440\u043d\u0430\u044f \u043a\u043e\u0436\u0430<\/p>\n<h4>\u0410\u043a\u0442\u0438\u0432\u043d\u044b\u0435 \u0438\u043d\u0433\u0440\u0435\u0434\u0438\u0435\u043d\u0442\u044b: <\/h4>\n<p>\u0444\u0438\u0442\u043e-\u043e\u043b\u0438\u0433\u043e \u0444\u043e\u0440\u043c\u0443\u043b\u0430, \u044d\u043a\u0441\u0442\u0440\u0430\u043a\u0442 \u043c\u0435\u043b\u0438\u0441\u0441\u044b, \u044d\u043a\u0441\u0442\u0440\u0430\u043a\u0442 \u0441\u043e\u043b\u043e\u0434\u043a\u0438, \u044d\u043a\u0441\u0442\u0440\u0430\u043a\u0442 \u0431\u0430\u043c\u0431\u0443\u043a\u0430, \u044d\u043a\u0441\u0442\u0440\u0430\u043a\u0442 \u044d\u0434\u0435\u043b\u044c\u0432\u0435\u0439\u0441\u0430, \u044d\u043a\u0441\u0442\u0440\u0430\u043a\u0442 \u043f\u0435\u0440\u0435\u0447\u043d\u043e\u0439 \u043c\u044f\u0442\u044b, \u044d\u043a\u0441\u0442\u0440\u0430\u043a\u0442 \u043b\u0438\u0441\u0442\u044c\u0435\u0432 \u043a\u0438\u043f\u0430\u0440\u0438\u0441\u0430<\/p>\n<h4>\u041e\u043f\u0438\u0441\u0430\u043d\u0438\u0435: <\/h4>\n<p>\u041a\u0440\u0435\u043c-\u0433\u0435\u043b\u044c \u0438\u043c\u0435\u0435\u0442 \u043e\u0447\u0435\u043d\u044c \u043b\u0435\u0433\u043a\u0443\u044e \u043d\u0435\u0432\u0435\u0441\u043e\u043c\u0443\u044e \u0442\u0435\u043a\u0441\u0442\u0443\u0440\u0443, \u0433\u043b\u0443\u0431\u043e\u043a\u043e \u0443\u0432\u043b\u0430\u0436\u043d\u044f\u0435\u0442 \u0438 \u043a\u043e\u043d\u0442\u0440\u043e\u043b\u0438\u0440\u0443\u0435\u0442 \u0436\u0438\u0440\u043d\u043e\u0441\u0442\u044c \u043a\u043e\u0436\u0438. \u041e\u0431\u043b\u0430\u0434\u0430\u0435\u0442 \u0432\u044b\u0441\u043e\u043a\u0438\u043c \u0430\u043d\u0442\u0438\u0431\u0430\u043a\u0442\u0435\u0440\u0438\u0430\u043b\u044c\u043d\u044b\u043c \u0434\u0435\u0439\u0441\u0442\u0432\u0438\u0435\u043c, \u043f\u043e\u0434\u0430\u0432\u043b\u044f\u0435\u0442 \u0430\u043a\u0442\u0438\u0432\u043d\u043e\u0441\u0442\u044c \u0438 \u0440\u043e\u0441\u0442 \u0431\u043e\u043b\u0435\u0437\u043d\u0435\u0442\u0432\u043e\u0440\u043d\u044b\u0445 \u0431\u0430\u043a\u0442\u0435\u0440\u0438\u0439, \u043b\u0435\u0447\u0438\u0442 \u0430\u043a\u043d\u0435 \u0438 \u0432\u043e\u0441\u043f\u0430\u043b\u0435\u043d\u0438\u044f. \u041f\u043e\u0434\u0434\u0435\u0440\u0436\u0438\u0432\u0430\u0435\u0442 \u0432\u043e\u0434\u043d\u043e-\u0436\u0438\u0440\u043e\u0432\u043e\u0439 \u0431\u0430\u043b\u0430\u043d\u0441 \u0431\u0435\u0437 \u0447\u0440\u0435\u0437\u043c\u0435\u0440\u043d\u043e\u0433\u043e \u043f\u043e\u044f\u0432\u043b\u0435\u043d\u0438\u044f \u0436\u0438\u0440\u043d\u043e\u0433\u043e \u0431\u043b\u0435\u0441\u043a\u0430, \u043d\u0435 \u0437\u0430\u0431\u0438\u0432\u0430\u0435\u0442 \u043f\u043e\u0440\u044b.<\/p>\n","protected":false},"featured_media":29494,"comment_status":"open","ping_status":"closed","template":"","meta":{"_acf_changed":false},"product_brand":[],"product_cat":[1023,2583,2782,2561],"product_tag":[1958,1955,1956],"class_list":{"0":"post-29490","1":"product","2":"type-product","3":"status-publish","4":"has-post-thumbnail","6":"product_cat-alle-produkte","7":"product_cat-2583","8":"product_cat-2782","9":"product_cat-2561","10":"product_tag-1958","11":"product_tag-1955","12":"product_tag-1956","13":"pa_marken-dr-oracle-ru","14":"pa_volumen-0-05-l-ru","16":"first","17":"outofstock","18":"sale","19":"taxable","20":"shipping-taxable","21":"purchasable","22":"product-type-simple"},"acf":[],"_links":{"self":[{"href":"https:\/\/mehrkorea.de\/ru\/wp-json\/wp\/v2\/product\/29490","targetHints":{"allow":["GET"]}}],"collection":[{"href":"https:\/\/mehrkorea.de\/ru\/wp-json\/wp\/v2\/product"}],"about":[{"href":"https:\/\/mehrkorea.de\/ru\/wp-json\/wp\/v2\/types\/product"}],"replies":[{"embeddable":true,"href":"https:\/\/mehrkorea.de\/ru\/wp-json\/wp\/v2\/comments?post=29490"}],"version-history":[{"count":4,"href":"https:\/\/mehrkorea.de\/ru\/wp-json\/wp\/v2\/product\/29490\/revisions"}],"predecessor-version":[{"id":29498,"href":"https:\/\/mehrkorea.de\/ru\/wp-json\/wp\/v2\/product\/29490\/revisions\/29498"}],"wp:featuredmedia":[{"embeddable":true,"href":"https:\/\/mehrkorea.de\/ru\/wp-json\/wp\/v2\/media\/29494"}],"wp:attachment":[{"href":"https:\/\/mehrkorea.de\/ru\/wp-json\/wp\/v2\/media?parent=29490"}],"wp:term":[{"taxonomy":"product_brand","embeddable":true,"href":"https:\/\/mehrkorea.de\/ru\/wp-json\/wp\/v2\/product_brand?post=29490"},{"taxonomy":"product_cat","embeddable":true,"href":"https:\/\/mehrkorea.de\/ru\/wp-json\/wp\/v2\/product_cat?post=29490"},{"taxonomy":"product_tag","embeddable":true,"href":"https:\/\/mehrkorea.de\/ru\/wp-json\/wp\/v2\/product_tag?post=29490"}],"curies":[{"name":"wp","href":"https:\/\/api.w.org\/{rel}","templated":true}]}}