{"id":29512,"date":"2024-08-28T13:24:14","date_gmt":"2024-08-28T11:24:14","guid":{"rendered":"https:\/\/mehrkorea.de\/?post_type=product&#038;p=29512"},"modified":"2024-11-30T17:54:22","modified_gmt":"2024-11-30T16:54:22","slug":"dr-oracle-greentherpy-%d0%bb%d0%b5%d1%87%d0%b5%d0%b1%d0%bd%d0%b0%d1%8f-%d0%b0%d0%bd%d1%82%d0%b8%d0%b1%d0%b0%d0%ba%d1%82%d0%b5%d1%80%d0%b8%d0%b0%d0%bb%d1%8c%d0%bd%d0%b0%d1%8f-%d0%b0%d0%bc%d0%bf%d1%83","status":"publish","type":"product","link":"https:\/\/mehrkorea.de\/ru\/shop\/%d1%83%d1%85%d0%be%d0%b4-%d0%b7%d0%b0-%d0%ba%d0%be%d0%b6%d0%b5%d0%b9\/%d1%81%d1%8b%d0%b2%d0%be%d1%80%d0%be%d1%82%d0%ba%d0%b8\/dr-oracle-greentherpy-%d0%bb%d0%b5%d1%87%d0%b5%d0%b1%d0%bd%d0%b0%d1%8f-%d0%b0%d0%bd%d1%82%d0%b8%d0%b1%d0%b0%d0%ba%d1%82%d0%b5%d1%80%d0%b8%d0%b0%d0%bb%d1%8c%d0%bd%d0%b0%d1%8f-%d0%b0%d0%bc%d0%bf%d1%83\/","title":{"rendered":"Dr.Oracle Greentherpy \u041b\u0435\u0447\u0435\u0431\u043d\u0430\u044f \u0430\u043d\u0442\u0438\u0431\u0430\u043a\u0442\u0435\u0440\u0438\u0430\u043b\u044c\u043d\u0430\u044f \u0430\u043c\u043f\u0443\u043b\u0430 \u0434\u043b\u044f \u0441\u0443\u0436\u0435\u043d\u0438\u044f \u043f\u043e\u0440 \u0441 \u043a\u043e\u043c\u043f\u043b\u0435\u043a\u0441\u043e\u043c \u0437\u0435\u043b\u0435\u043d\u044b\u0445 \u0442\u0440\u0430\u0432 30 \u043c\u043b."},"content":{"rendered":"<p>Wasser, Methylpropandiol, Glycerin, Glyceret-26, PEG-75, Betain, Trehalose, Pentylenglykol, Polyglutamins\u00e4ure, PEG\/PPG-17\/6 Copolymer, Piper methysticum Bl\u00e4tter\/Wurzeln\/St\u00e4ngelextrakt, Gotu-Cola-Extrakt (Centella asiatica), Feigenfruchtextrakt (Ficus carica), Gr\u00fcntee-Blattextrakt (Camellia sinensis) , aloe Vera Blattextrakt (Aloe barbadensis), Rosenbl\u00fctenextrakt (Althaea rosea), David Ulmenwurzelextrakt (Ulmus davidiana), Amaranthus caudatus Samen-Extrakt, Zimtbaumrindeextrakt (Cinnamomum zeylanicum), perlen-Extrakt, Doppel-Champignon-Extrakt (Agaricus bisporus), Kiwi-Frucht-Extrakt (Actinidia chinensis), hydriertes Lecithin, Argan\u00f6l (Argania spinosa), Natriumhyaluronat, Teeblatt\u00f6l (Melaleuca alternifolia), Bifidobacterium-Lysat, Acrylat \/c10-30, Acrylat-Acrylat-Kreuzpolymer, Arginin, Butylenglykol, Zucker-Enzym-Enzyme, dimethicon, Squalan, hydriertes Polyisobuten, Biatrium-EDTC, Alkohol, Capriloylglycin, Natriumpolyacrylat, PVM\/MA-Copolymer, Hexylenglykol, Isononyl-Isononanoat, Polyglyceryl-10-Stearat, Madekassosid, cetearylalkohol, Stearins\u00e4ure, Sheabutter (Butyrospermum parkii), Polyglyceryl-2-Dipolyhydroxystearat, Sarkosin, Essigs\u00e4ure, Inulin Laurylcarbamat, Milchs\u00e4ure, Ceramid NP, Dinatriumstearylglutamat, Bioflavonoide, PEG-40 hydriertes Rizinus\u00f6l, Duftstoff, Phenoxyethanol, Ethylhexylglycerin, 1,2-Hexandiol, Limonen.<\/p>\n","protected":false},"excerpt":{"rendered":"<h4>\u0422\u0438\u043f \u043a\u043e\u0436\u0438:<\/h4>\n<p style=\"color: #649987;\">\u041a\u043e\u043c\u0431\u0438\u043d\u0438\u0440\u043e\u0432\u0430\u043d\u043d\u0430\u044f \u043a\u043e\u0436\u0430, \u041f\u0440\u043e\u0431\u043b\u0435\u043c\u043d\u0430\u044f \u043a\u043e\u0436\u0430, \u0427\u0443\u0432\u0441\u0442\u0432\u0438\u0442\u0435\u043b\u044c\u043d\u0430\u044f \u043a\u043e\u0436\u0430, \u0416\u0438\u0440\u043d\u0430\u044f \u043a\u043e\u0436\u0430<\/p>\n<h4>\u0410\u043a\u0442\u0438\u0432\u043d\u044b\u0435 \u0438\u043d\u0433\u0440\u0435\u0434\u0438\u0435\u043d\u0442\u044b:<\/h4>\n<p>\u044d\u043a\u0441\u0442\u0440\u0430\u043a\u0442 \u0441\u0442\u0435\u0431\u043b\u044f \u043a\u0430\u0432\u0430-\u043a\u0430\u0432\u0430, \u044d\u043a\u0441\u0442\u0440\u0430\u043a\u0442 \u0446\u0435\u043d\u0442\u0435\u043b\u043b\u044b, \u044d\u043a\u0441\u0442\u0440\u0430\u043a\u0442 \u0444\u0438\u0433\u043e\u0432\u043e\u0433\u043e \u0434\u0435\u0440\u0435\u0432\u0430, \u044d\u043a\u0441\u0442\u0440\u0430\u043a\u0442 \u0437\u0435\u043b\u0451\u043d\u043e\u0433\u043e \u0447\u0430\u044f, \u044d\u043a\u0441\u0442\u0440\u0430\u043a\u0442 \u043a\u043e\u0440\u043d\u044f \u0432\u044f\u0437\u0430, \u0431\u0435\u0442\u0430\u0438\u043d, \u0442\u0440\u0435\u0433\u0430\u043b\u043e\u0437\u0430<\/p>\n<h4>\u041e\u043f\u0438\u0441\u0430\u043d\u0438\u0435:<\/h4>\n<p>\u0410\u043c\u043f\u0443\u043b\u0430 \u0441\u0443\u0436\u0430\u0435\u0442 \u0440\u0430\u0441\u0448\u0438\u0440\u0435\u043d\u043d\u044b\u0435 \u043f\u043e\u0440\u044b \u0438 \u0443\u0441\u0442\u0440\u0430\u043d\u044f\u0435\u0442 \u0436\u0438\u0440\u043d\u044b\u0439 \u0431\u043b\u0435\u0441\u043a. \u041f\u043e\u0434\u0430\u0432\u043b\u044f\u0435\u0442 \u0430\u043a\u0442\u0438\u0432\u043d\u043e\u0441\u0442\u044c \u0431\u043e\u043b\u0435\u0437\u043d\u0435\u0442\u0432\u043e\u0440\u043d\u044b\u0445 \u043c\u0438\u043a\u0440\u043e\u043e\u0440\u0433\u0430\u043d\u0438\u0437\u043c\u043e\u0432. \u041b\u0435\u0447\u0438\u0442 \u0438 \u043f\u0440\u0435\u0434\u043e\u0442\u0432\u0440\u0430\u0449\u0430\u0435\u0442 \u043f\u043e\u044f\u0432\u043b\u0435\u043d\u0438\u0435 \u0432\u043e\u0441\u043f\u0430\u043b\u0435\u043d\u0438\u0439 \u0438 \u0430\u043a\u043d\u0435. \u041d\u043e\u0440\u043c\u0430\u043b\u0438\u0437\u0443\u0435\u0442 \u0432\u043e\u0434\u043d\u043e-\u043b\u0438\u043f\u0438\u0434\u043d\u044b\u0439 \u0431\u0430\u043b\u0430\u043d\u0441 \u0438 \u043a\u043e\u043d\u0442\u0440\u043e\u043b\u0438\u0440\u0443\u0435\u0442 \u0432\u044b\u0440\u0430\u0431\u043e\u0442\u043a\u0443 \u043a\u043e\u0436\u043d\u043e\u0433\u043e \u0441\u0430\u043b\u0430<\/p>\n","protected":false},"featured_media":31532,"comment_status":"closed","ping_status":"closed","template":"","meta":{"_acf_changed":false},"product_brand":[],"product_cat":[1023,2571,2561],"product_tag":[1958,1955,1956,1957],"class_list":{"0":"post-29512","1":"product","2":"type-product","3":"status-publish","4":"has-post-thumbnail","6":"product_cat-alle-produkte","7":"product_cat-2571","8":"product_cat-2561","9":"product_tag-1958","10":"product_tag-1955","11":"product_tag-1956","12":"product_tag-1957","13":"pa_marken-dr-oracle-ru","14":"pa_volumen-0-03-l-ru","16":"first","17":"outofstock","18":"taxable","19":"shipping-taxable","20":"purchasable","21":"product-type-simple"},"acf":[],"_links":{"self":[{"href":"https:\/\/mehrkorea.de\/ru\/wp-json\/wp\/v2\/product\/29512","targetHints":{"allow":["GET"]}}],"collection":[{"href":"https:\/\/mehrkorea.de\/ru\/wp-json\/wp\/v2\/product"}],"about":[{"href":"https:\/\/mehrkorea.de\/ru\/wp-json\/wp\/v2\/types\/product"}],"replies":[{"embeddable":true,"href":"https:\/\/mehrkorea.de\/ru\/wp-json\/wp\/v2\/comments?post=29512"}],"version-history":[{"count":6,"href":"https:\/\/mehrkorea.de\/ru\/wp-json\/wp\/v2\/product\/29512\/revisions"}],"predecessor-version":[{"id":31534,"href":"https:\/\/mehrkorea.de\/ru\/wp-json\/wp\/v2\/product\/29512\/revisions\/31534"}],"wp:featuredmedia":[{"embeddable":true,"href":"https:\/\/mehrkorea.de\/ru\/wp-json\/wp\/v2\/media\/31532"}],"wp:attachment":[{"href":"https:\/\/mehrkorea.de\/ru\/wp-json\/wp\/v2\/media?parent=29512"}],"wp:term":[{"taxonomy":"product_brand","embeddable":true,"href":"https:\/\/mehrkorea.de\/ru\/wp-json\/wp\/v2\/product_brand?post=29512"},{"taxonomy":"product_cat","embeddable":true,"href":"https:\/\/mehrkorea.de\/ru\/wp-json\/wp\/v2\/product_cat?post=29512"},{"taxonomy":"product_tag","embeddable":true,"href":"https:\/\/mehrkorea.de\/ru\/wp-json\/wp\/v2\/product_tag?post=29512"}],"curies":[{"name":"wp","href":"https:\/\/api.w.org\/{rel}","templated":true}]}}