{"id":29527,"date":"2024-08-28T13:43:16","date_gmt":"2024-08-28T11:43:16","guid":{"rendered":"https:\/\/mehrkorea.de\/?post_type=product&#038;p=29527"},"modified":"2024-12-28T06:57:32","modified_gmt":"2024-12-28T05:57:32","slug":"dr-oracle-%d0%b2%d0%be%d1%81%d1%81%d1%82%d0%b0%d0%bd%d0%b0%d0%b2%d0%bb%d0%b8%d0%b2%d0%b0%d1%8e%d1%89%d0%b0%d1%8f-%d0%b8-%d1%83%d1%81%d0%bf%d0%be%d0%ba%d0%b0%d0%b8%d0%b2%d0%b0%d1%8e%d1%89%d0%b0%d1%8f-3","status":"publish","type":"product","link":"https:\/\/mehrkorea.de\/ru\/shop\/%d1%83%d1%85%d0%be%d0%b4-%d0%b7%d0%b0-%d0%ba%d0%be%d0%b6%d0%b5%d0%b9\/%d1%81%d1%8b%d0%b2%d0%be%d1%80%d0%be%d1%82%d0%ba%d0%b8\/dr-oracle-%d0%b2%d0%be%d1%81%d1%81%d1%82%d0%b0%d0%bd%d0%b0%d0%b2%d0%bb%d0%b8%d0%b2%d0%b0%d1%8e%d1%89%d0%b0%d1%8f-%d0%b8-%d1%83%d1%81%d0%bf%d0%be%d0%ba%d0%b0%d0%b8%d0%b2%d0%b0%d1%8e%d1%89%d0%b0%d1%8f-3\/","title":{"rendered":"Dr.Oracle ReAGEN \u0412\u044b\u0441\u043e\u043a\u043e\u043a\u043e\u043d\u0446\u0435\u043d\u0442\u0440\u0438\u0440\u043e\u0432\u0430\u043d\u043d\u0430\u044f \u043b\u0438\u0444\u0442\u0438\u043d\u0433 \u0430\u043c\u043f\u0443\u043b\u0430 \u0441\u043e \u0441\u0442\u0432\u043e\u043b\u043e\u0432\u044b\u043c\u0438 \u043a\u043b\u0435\u0442\u043a\u0430\u043c\u0438 \u044d\u0434\u0435\u043b\u044c\u0432\u0435\u0439\u0441\u0430 30 \u043c\u043b."},"content":{"rendered":"<p>Wasser, Methylpropandiol, Glycerin, Diglycerin, Butylenglykol, Betain, Niacinamid,<br \/>\nextractdioscorea, Polyquaternium-51, extractlistievperese,Stammextrakt aus den Wurzeln(berauschend),<br \/>\nBeerenextrakt,n\u00e4hrstofff\u00f6rdernd f\u00fcr die Stammzellen von Edelweiss<br \/>\nGro\u00dfe Bilder: Auszug,Baikalschelmehl-Extrakt, Auszug aus Schwarzbusen,Brombeerstrauch-Extrakt,Auszug<br \/>\ntrutovikasangwan,Rosenextrakt, Oliven-Extrakt, Ginseng-Extrakt, roter Tee-Extrakt,<br \/>\nantarkticin (Enzymextraktmor-bakterienpseudoalteromonas), extraktroter Wasserpflanzen<br \/>\nPorphyridium,Natriumhyaluronat, hydriertes Lecithin,Fermentation<br \/>\nHefe-Filterfilter,Glykosyltregalose,bis-PEG-18methylesterdimethylsilan,PEG \/ PG-17\/6<br \/>\nCopolymer,hydriertes Rizinus\u00f6lpeg-40,Hydrolysat von hydriertem Caster\u00f6l<br \/>\nSt\u00e4rke,Xanthangummi, Carbomer, Thrometamin, Zellstoffgummi, Raffinose,<br \/>\nRohharz-1, Adenosin,Dinatriedtc, Lecithin, Karamell, Natriumpolyacrylat,<br \/>\nCopolymeryPVM\/MA,Butylenglykol, Panthenol, Propylenglykol,Hydroxypropylmethylcellulose,<br \/>\npullulan, Fols\u00e4ure, Kaugummi der senegalesischen Akazie, Gold,Ceramid,Cholesterin,<br \/>\nAcetylhexapeptid-8,Palmitoylpentapeptid-4,Aromen,1,2-Hexandiol,Phenoxyethanol,<br \/>\nEthylhexylglycerin,Caprilglykol<\/p>\n","protected":false},"excerpt":{"rendered":"<h4>\u0422\u0438\u043f \u043a\u043e\u0436\u0438:<\/h4>\n<p style=\"color: #649987;\">\u041a\u043e\u043c\u0431\u0438\u043d\u0438\u0440\u043e\u0432\u0430\u043d\u043d\u0430\u044f \u043a\u043e\u0436\u0430, \u041d\u043e\u0440\u043c\u0430\u043b\u044c\u043d\u0430\u044f \u043a\u043e\u0436\u0430, \u0427\u0443\u0432\u0441\u0442\u0432\u0438\u0442\u0435\u043b\u044c\u043d\u0430\u044f \u043a\u043e\u0436\u0430, \u0417\u0440\u0435\u043b\u0430\u044f \u043a\u043e\u0436\u0430, \u0421\u0443\u0445\u0430\u044f \u043a\u043e\u0436\u0430, \u0422\u0443\u0441\u043a\u043b\u0430\u044f \u043a\u043e\u0436\u0430<\/p>\n<h4>\u0410\u043a\u0442\u0438\u0432\u043d\u044b\u0435 \u0438\u043d\u0433\u0440\u0435\u0434\u0438\u0435\u043d\u0442\u044b: <\/h4>\n<p>\u044d\u043a\u0441\u0442\u0440\u0430\u043a\u0442 \u043f\u0438\u0442\u0430\u0442\u0435\u043b\u044c\u043d\u043e\u0439 \u0441\u0440\u0435\u0434\u044b \u0441\u0442\u0432\u043e\u043b\u043e\u0432\u044b\u0445 \u043a\u043b\u0435\u0442\u043e\u043a \u044d\u0434\u0435\u043b\u044c\u0432\u0435\u0439\u0441\u0430, \u043b\u0438\u0444\u0442\u043e\u043d\u0438\u043d, \u043f\u0435\u043f\u0442\u0438\u0434\u044b, \u044d\u043a\u0441\u0442\u0440\u0430\u043a\u0442 \u0437\u043e\u043b\u043e\u0442\u0430, \u043d\u0438\u0430\u0446\u0438\u043d\u0430\u043c\u0438\u0434, \u0431\u0435\u0442\u0430\u0438\u043d, \u044d\u043a\u0441\u0442\u0440\u0430\u043a\u0442 \u043b\u0438\u0441\u0442\u044c\u0435\u0432 \u043a\u0430\u0432\u0430-\u043a\u0430\u0432\u0430, \u044d\u043a\u0441\u0442\u0440\u0430\u043a\u0442 \u0448\u043b\u0435\u043c\u043d\u0438\u043a\u0430, \u044d\u043a\u0441\u0442\u0440\u0430\u043a\u0442 \u043e\u043b\u0438\u0432\u044b, \u044d\u043a\u0441\u0442\u0440\u0430\u043a\u0442 \u0436\u0435\u043d\u044c\u0448\u0435\u043d\u044f<\/p>\n<h4>\u041e\u043f\u0438\u0441\u0430\u043d\u0438\u0435: <\/h4>\n<p>\u0410\u043c\u043f\u0443\u043b\u0430 \u0443\u043a\u0440\u0435\u043f\u043b\u044f\u0435\u0442, \u0442\u043e\u043d\u0438\u0437\u0438\u0440\u0443\u0435\u0442 \u0438 \u0440\u0435\u0433\u0435\u043d\u0435\u0440\u0438\u0440\u0443\u0435\u0442. \u0414\u0430\u0435\u0442 \u043a\u043e\u043c\u043f\u043b\u0435\u043a\u0441\u043d\u044b\u0439 \u043e\u043c\u043e\u043b\u0430\u0436\u0438\u0432\u0430\u044e\u0449\u0438\u0439 \u044d\u0444\u0444\u0435\u043a\u0442. \u0423\u0441\u0442\u0440\u0430\u043d\u044f\u0435\u0442 \u043c\u0435\u043b\u043a\u0438\u0435 \u043c\u043e\u0440\u0449\u0438\u043d\u044b \u0438 \u0434\u0435\u043b\u0430\u0435\u0442 \u043c\u0435\u043d\u0435\u0435 \u0437\u0430\u043c\u0435\u0442\u043d\u044b\u043c\u0438 \u0433\u043b\u0443\u0431\u043e\u043a\u0438\u0435, \u043f\u043e\u0434\u0442\u044f\u0433\u0438\u0432\u0430\u0435\u0442, \u0443\u043a\u0440\u0435\u043f\u043b\u044f\u0435\u0442 \u0442\u0443\u0440\u0433\u043e\u0440. \u041f\u043e\u0432\u044b\u0448\u0430\u0435\u0442 \u044d\u043b\u0430\u0441\u0442\u0438\u0447\u043d\u043e\u0441\u0442\u044c \u0438 \u043e\u0441\u0432\u0435\u0442\u043b\u044f\u0435\u0442 \u0432\u043e\u0437\u0440\u0430\u0441\u0442\u043d\u0443\u044e \u043f\u0438\u0433\u043c\u0435\u043d\u0442\u0430\u0446\u0438\u044e<\/p>\n","protected":false},"featured_media":29531,"comment_status":"closed","ping_status":"closed","template":"","meta":{"_acf_changed":false},"product_brand":[],"product_cat":[1023,2782,2571,2561],"product_tag":[1953,1955,1952,1954,1959,1957],"class_list":{"0":"post-29527","1":"product","2":"type-product","3":"status-publish","4":"has-post-thumbnail","6":"product_cat-alle-produkte","7":"product_cat-2782","8":"product_cat-2571","9":"product_cat-2561","10":"product_tag-1953","11":"product_tag-1955","12":"product_tag-1952","13":"product_tag-1954","14":"product_tag-1959","15":"product_tag-1957","16":"pa_marken-dr-oracle-ru","17":"pa_volumen-0-03-l-ru","19":"first","20":"outofstock","21":"sale","22":"taxable","23":"shipping-taxable","24":"purchasable","25":"product-type-simple"},"acf":[],"_links":{"self":[{"href":"https:\/\/mehrkorea.de\/ru\/wp-json\/wp\/v2\/product\/29527","targetHints":{"allow":["GET"]}}],"collection":[{"href":"https:\/\/mehrkorea.de\/ru\/wp-json\/wp\/v2\/product"}],"about":[{"href":"https:\/\/mehrkorea.de\/ru\/wp-json\/wp\/v2\/types\/product"}],"replies":[{"embeddable":true,"href":"https:\/\/mehrkorea.de\/ru\/wp-json\/wp\/v2\/comments?post=29527"}],"version-history":[{"count":4,"href":"https:\/\/mehrkorea.de\/ru\/wp-json\/wp\/v2\/product\/29527\/revisions"}],"predecessor-version":[{"id":29535,"href":"https:\/\/mehrkorea.de\/ru\/wp-json\/wp\/v2\/product\/29527\/revisions\/29535"}],"wp:featuredmedia":[{"embeddable":true,"href":"https:\/\/mehrkorea.de\/ru\/wp-json\/wp\/v2\/media\/29531"}],"wp:attachment":[{"href":"https:\/\/mehrkorea.de\/ru\/wp-json\/wp\/v2\/media?parent=29527"}],"wp:term":[{"taxonomy":"product_brand","embeddable":true,"href":"https:\/\/mehrkorea.de\/ru\/wp-json\/wp\/v2\/product_brand?post=29527"},{"taxonomy":"product_cat","embeddable":true,"href":"https:\/\/mehrkorea.de\/ru\/wp-json\/wp\/v2\/product_cat?post=29527"},{"taxonomy":"product_tag","embeddable":true,"href":"https:\/\/mehrkorea.de\/ru\/wp-json\/wp\/v2\/product_tag?post=29527"}],"curies":[{"name":"wp","href":"https:\/\/api.w.org\/{rel}","templated":true}]}}