{"id":40067,"date":"2025-09-03T06:57:49","date_gmt":"2025-09-03T04:57:49","guid":{"rendered":"https:\/\/mehrkorea.de\/?post_type=product&#038;p=40067"},"modified":"2025-11-26T21:03:04","modified_gmt":"2025-11-26T20:03:04","slug":"yu-r-skin-solution-oxygen-foam-cleanser-120-ml-ru","status":"publish","type":"product","link":"https:\/\/mehrkorea.de\/ru\/shop\/%d1%83%d1%85%d0%be%d0%b4-%d0%b7%d0%b0-%d0%ba%d0%be%d0%b6%d0%b5%d0%b9\/%d0%be%d1%87%d0%b8%d1%89%d0%b5%d0%bd%d0%b8%d0%b5\/%d0%bf%d0%b5%d0%bd%d0%ba%d0%b8-%d0%b8-%d0%b3%d0%b5%d0%bb%d0%b8\/yu-r-skin-solution-oxygen-foam-cleanser-120-ml-ru\/","title":{"rendered":"Yu.R \u041a\u0438\u0441\u043b\u043e\u0440\u043e\u0434\u043d\u0430\u044f \u043f\u0435\u043d\u043a\u0430 \u0441 \u044d\u0444\u0444\u0435\u043a\u0442\u043e\u043c \u043a\u0430\u0440\u0431\u043e\u043a\u0441\u0438\u0442\u0435\u0440\u0430\u043f\u0438\u0438 \u0434\u043b\u044f \u0443\u043c\u044b\u0432\u0430\u043d\u0438\u044f 120 \u043c\u043b."},"content":{"rendered":"<p>Wasser, gr\u00fcner Tee, Salbei, Persimmonbl\u00e4tter, Ammoniumlaurylsulfat, Cocamidopropylbetain, Acrylat-Copolymer, PEG-8, Glucosid-Lauryl, Methylperfluorbutylether, Methylperfluorbutylether, PEG-7-Glyzerin-Cocoat, Butylenglykol, Phenoxyethanol, Ost-Persimmon-Blattextrakt, Bambusblatt- und Stielextrakt, Eichenfruchtextrakt, Lithium-Magnesium-Natriumsilikat, Butylavocadat ( Avocado\u00f6l), Natriumhyaluronat, Extrakt aus der Rinde von Kastanien, Trehalose, Teebaum\u00f6lextrakt, einj\u00e4hriges Sonnenblumenkern\u00f6l, Natriumhydroxid, Glycerin, EDTA-Dinatrium, Aroma, Lavendel-Extrakt, Rosmarin-Extrakt, Rooibos-Blatt-Extrakt, Thymian-Extrakt, Salbei-Extrakt, Aloe-Saft von Barbados, Extrakt aus Rinde und Bl\u00e4ttern der reinen Hamamelis, Eukalyptus-Blatt-Extrakt, Kamillenbl\u00fcten-Extrakt, Beinwell-Extrakt, Methylchlorid, Tripeptid-5, Methylisothiazolin, Palmitol Tripeptid-5, Methylisothiazolin, Palmitol-Tripeptid-5, Methylisothiazolin, Palmitol-Tripeptid-5, Methylisothiazolin, Palmitol-Tripeptid-5, Palmitol-Tripeptid-5, Palmitol-Tripeptid-5, Methylisothiazolin<\/p>\n","protected":false},"excerpt":{"rendered":"<h4>\u0422\u0438\u043f \u043a\u043e\u0436\u0438:<\/h4>\n<p style=\"color: #649987;\">\u041a\u043e\u043c\u0431\u0438\u043d\u0438\u0440\u043e\u0432\u0430\u043d\u043d\u0430\u044f \u043a\u043e\u0436\u0430, \u041d\u043e\u0440\u043c\u0430\u043b\u044c\u043d\u0430\u044f \u043a\u043e\u0436\u0430, \u041f\u0440\u043e\u0431\u043b\u0435\u043c\u043d\u0430\u044f \u043a\u043e\u0436\u0430, \u0427\u0443\u0432\u0441\u0442\u0432\u0438\u0442\u0435\u043b\u044c\u043d\u0430\u044f \u043a\u043e\u0436\u0430, \u0416\u0438\u0440\u043d\u0430\u044f \u043a\u043e\u0436\u0430, \u0417\u0440\u0435\u043b\u0430\u044f \u043a\u043e\u0436\u0430, \u0421\u0443\u0445\u0430\u044f \u043a\u043e\u0436\u0430, \u0422\u0443\u0441\u043a\u043b\u0430\u044f \u043a\u043e\u0436\u0430<\/p>\n<h4>\u0410\u043a\u0442\u0438\u0432\u043d\u044b\u0435 \u0438\u043d\u0433\u0440\u0435\u0434\u0438\u0435\u043d\u0442\u044b:<\/h4>\n<p>\u043c\u0430\u0441\u043b\u043e \u0447\u0430\u0439\u043d\u043e\u0433\u043e \u0434\u0435\u0440\u0435\u0432\u0430, \u044d\u043a\u0441\u0442\u0440\u0430\u043a\u0442 \u043a\u043e\u0440\u044b \u043a\u0430\u0448\u0442\u0430\u043d\u0430, \u044d\u043a\u0441\u0442\u0440\u0430\u043a\u0442 \u0430\u043b\u043e\u044d, \u044d\u043a\u0441\u0442\u0440\u0430\u043a\u0442 \u0433\u0430\u043c\u0430\u043c\u0435\u043b\u0438\u0441\u0430, \u044d\u043a\u0441\u0442\u0440\u0430\u043a\u0442 \u0440\u043e\u043c\u0430\u0448\u043a\u0438<\/p>\n<h4>\u041e\u043f\u0438\u0441\u0430\u043d\u0438\u0435:<\/h4>\n<p>\u041f\u0435\u043d\u043a\u0430 \u043f\u0440\u0435\u0434\u043d\u0430\u0437\u043d\u0430\u0447\u0435\u043d\u0430\u00a0\u0434\u043b\u044f \u0431\u0435\u0440\u0435\u0436\u043d\u043e\u0433\u043e \u0438\u00a0\u0434\u0435\u043b\u0438\u043a\u0430\u0442\u043d\u043e\u0433\u043e \u043e\u0447\u0438\u0449\u0435\u043d\u0438\u044f \u043a\u043e\u0436\u0438, \u043c\u044f\u0433\u043a\u043e \u043e\u0447\u0438\u0449\u0430\u0435\u0442 \u043a\u043e\u0436\u0443 \u043e\u0442\u00a0\u0432\u0441\u0435\u0445 \u0432\u0438\u0434\u043e\u0432 \u0437\u0430\u0433\u0440\u044f\u0437\u043d\u0435\u043d\u0438\u0439, \u0443\u0434\u0430\u043b\u044f\u0435\u0442 \u043e\u0441\u0442\u0430\u0442\u043a\u0438 \u043c\u0430\u043a\u0438\u044f\u0436\u0430 \u0438\u00a0\u0438\u0437\u043b\u0438\u0448\u043a\u0438 \u043a\u043e\u0436\u043d\u043e\u0433\u043e \u0441\u0430\u043b\u0430. \u041d\u0430\u0441\u044b\u0449\u0430\u0435\u0442 \u043a\u043b\u0435\u0442\u043a\u0438 \u044d\u043f\u0438\u0434\u0435\u0440\u043c\u0438\u0441\u0430 \u043a\u0438\u0441\u043b\u043e\u0440\u043e\u0434\u043e\u043c, \u043f\u043e\u0434\u0434\u0435\u0440\u0436\u0438\u0432\u0430\u0435\u0442 \u0442\u043e\u043d\u0443\u0441 \u0438\u00a0\u0443\u043a\u0440\u0435\u043f\u043b\u044f\u0435\u0442 \u0438\u043c\u043c\u0443\u043d\u0438\u0442\u0435\u0442 \u043a\u043e\u0436\u0438, \u0443\u043b\u0443\u0447\u0448\u0430\u0435\u0442 \u0446\u0432\u0435\u0442 \u043b\u0438\u0446\u0430 \u0438\u00a0\u043e\u0441\u0432\u0435\u0436\u0430\u0435\u0442.<\/p>\n<p>\u041f\u0440\u043e\u0434\u0443\u043a\u0442 \u043d\u0435\u00a0\u0432\u044b\u0437\u044b\u0432\u0430\u0435\u0442 \u0441\u0443\u0445\u043e\u0441\u0442\u0438 \u0438\u00a0\u0448\u0435\u043b\u0443\u0448\u0435\u043d\u0438\u044f, \u0443\u0432\u043b\u0430\u0436\u043d\u044f\u0435\u0442 \u0438\u00a0\u043f\u043e\u0434\u0434\u0435\u0440\u0436\u0438\u0432\u0430\u0435\u0442 \u043e\u043f\u0442\u0438\u043c\u0430\u043b\u044c\u043d\u044b\u0439 \u0443\u0440\u043e\u0432\u0435\u043d\u044c \u0432\u043b\u0430\u0433\u0438. \u041d\u0435\u0436\u043d\u043e \u0432\u043e\u0437\u0434\u0435\u0439\u0441\u0442\u0432\u0443\u0435\u0442 \u043d\u0430\u00a0\u043a\u043e\u0436\u043d\u044b\u0439 \u043f\u043e\u043a\u0440\u043e\u0432, \u043d\u0435\u00a0\u0440\u0430\u0437\u0434\u0440\u0430\u0436\u0430\u0435\u0442 \u0438\u00a0\u043f\u043e\u0434\u0445\u043e\u0434\u0438\u0442 \u0434\u0430\u0436\u0435 \u0434\u043b\u044f \u0447\u0443\u0432\u0441\u0442\u0432\u0438\u0442\u0435\u043b\u044c\u043d\u043e\u0439 \u043a\u043e\u0436\u0438.<\/p>\n<p>\u041e\u0431\u043b\u0430\u0434\u0430\u0435\u0442 \u0430\u043d\u0442\u0438\u0431\u0430\u043a\u0442\u0435\u0440\u0438\u0430\u043b\u044c\u043d\u044b\u043c \u0434\u0435\u0439\u0441\u0442\u0432\u0438\u0435\u043c, \u0443\u043c\u0435\u043d\u044c\u0448\u0430\u0435\u0442 \u043e\u0431\u043b\u0430\u0441\u0442\u044c \u0432\u043e\u0441\u043f\u0430\u043b\u0435\u043d\u0438\u0439 \u0438\u00a0\u0443\u0441\u043a\u043e\u0440\u044f\u0435\u0442 \u0437\u0430\u0436\u0438\u0432\u043b\u0435\u043d\u0438\u0435 \u043f\u0440\u044b\u0449\u0438\u043a\u043e\u0432, \u043d\u043e\u0440\u043c\u0430\u043b\u0438\u0437\u0443\u0435\u0442 \u0436\u0438\u0440\u043d\u043e\u0441\u0442\u044c \u043a\u043e\u0436\u0438 \u0438\u00a0\u043f\u043e\u043c\u043e\u0433\u0430\u0435\u0442 \u0441\u0443\u0437\u0438\u0442\u044c \u043f\u043e\u0440\u044b. \u0423\u0441\u043f\u043e\u043a\u0430\u0438\u0432\u0430\u0435\u0442 \u0440\u0430\u0437\u0434\u0440\u0430\u0436\u0451\u043d\u043d\u0443\u044e \u043a\u043e\u0436\u0443 \u0438\u00a0\u0441\u043d\u0438\u043c\u0430\u0435\u0442 \u043f\u043e\u043a\u0440\u0430\u0441\u043d\u0435\u043d\u0438\u044f.<\/p>\n<p><b>\u042d\u043a\u0441\u0442\u0440\u0430\u043a\u0442 \u043a\u043e\u0440\u044b \u043a\u0430\u0448\u0442\u0430\u043d\u0430\u00a0\u2014<\/b>\u00a0\u0441\u043e\u0434\u0435\u0440\u0436\u0438\u0442 \u0441\u0430\u043b\u0438\u0446\u0438\u043b\u043e\u0432\u0443\u044e, \u0430\u0441\u043a\u043e\u0440\u0431\u0438\u043d\u043e\u0432\u0443\u044e \u0438\u00a0\u043c\u043e\u043b\u043e\u0447\u043d\u0443\u044e \u043a\u0438\u0441\u043b\u043e\u0442\u044b, \u0444\u043b\u0430\u0432\u043e\u043d\u043e\u043d\u044b, \u0434\u0443\u0431\u0438\u043b\u044c\u043d\u044b\u0435 \u0432\u0435\u0449\u0435\u0441\u0442\u0432\u0430, \u043f\u0435\u043a\u0442\u0438\u043d\u044b. \u041c\u044f\u0433\u043a\u043e \u043e\u0447\u0438\u0449\u0430\u0435\u0442 \u0438\u00a0\u043f\u043e\u043b\u0438\u0440\u0443\u0435\u0442 \u043a\u043e\u0436\u0443, \u043b\u0435\u0447\u0438\u0442 \u0432\u043e\u0441\u043f\u0430\u043b\u0435\u043d\u0438\u044f, \u0441\u0442\u044f\u0433\u0438\u0432\u0430\u0435\u0442 \u043f\u043e\u0440\u044b.<\/p>\n<p><b>\u042d\u043a\u0441\u0442\u0440\u0430\u043a\u0442 \u0433\u0430\u043c\u0430\u043c\u0435\u043b\u0438\u0441\u0430\u00a0\u2014<\/b>\u00a0\u043e\u0431\u043b\u0430\u0434\u0430\u0435\u0442 \u0431\u043e\u043b\u044c\u0448\u0438\u043c \u0440\u0430\u0437\u043d\u043e\u043e\u0431\u0440\u0430\u0437\u0438\u0435\u043c \u0441\u0432\u043e\u0439\u0441\u0442\u0432 \u0438\u00a0\u0444\u0443\u043d\u043a\u0446\u0438\u0439. \u041e\u043a\u0430\u0437\u044b\u0432\u0430\u0435\u0442 \u0432\u044f\u0436\u0443\u0449\u0435\u0435, \u0442\u043e\u043d\u0438\u0437\u0438\u0440\u0443\u044e\u0449\u0435\u0435 \u0438\u00a0\u0430\u043d\u0442\u0438\u043e\u043a\u0441\u0438\u0434\u0430\u043d\u0442\u043d\u043e\u0435 \u0434\u0435\u0439\u0441\u0442\u0432\u0438\u0435. \u0423\u043c\u0435\u043d\u044c\u0448\u0430\u0435\u0442 \u0441\u0435\u043a\u0440\u0435\u0446\u0438\u044e \u0441\u0430\u043b\u044c\u043d\u044b\u0445 \u0436\u0435\u043b\u0435\u0437.<\/p>\n","protected":false},"featured_media":40071,"comment_status":"open","ping_status":"closed","template":"","meta":{"_acf_changed":false},"product_brand":[],"product_cat":[1023,2562,2565,2561],"product_tag":[1958,1953,1955,1952,1956,1954,1959,1957],"class_list":{"0":"post-40067","1":"product","2":"type-product","3":"status-publish","4":"has-post-thumbnail","6":"product_cat-alle-produkte","7":"product_cat-2562","8":"product_cat-2565","9":"product_cat-2561","10":"product_tag-1958","11":"product_tag-1953","12":"product_tag-1955","13":"product_tag-1952","14":"product_tag-1956","15":"product_tag-1954","16":"product_tag-1959","17":"product_tag-1957","18":"pa_marken-yu-r-ru","19":"pa_volumen-0-12-l-ru","21":"first","22":"instock","23":"taxable","24":"shipping-taxable","25":"purchasable","26":"product-type-simple"},"acf":[],"_links":{"self":[{"href":"https:\/\/mehrkorea.de\/ru\/wp-json\/wp\/v2\/product\/40067","targetHints":{"allow":["GET"]}}],"collection":[{"href":"https:\/\/mehrkorea.de\/ru\/wp-json\/wp\/v2\/product"}],"about":[{"href":"https:\/\/mehrkorea.de\/ru\/wp-json\/wp\/v2\/types\/product"}],"replies":[{"embeddable":true,"href":"https:\/\/mehrkorea.de\/ru\/wp-json\/wp\/v2\/comments?post=40067"}],"version-history":[{"count":2,"href":"https:\/\/mehrkorea.de\/ru\/wp-json\/wp\/v2\/product\/40067\/revisions"}],"predecessor-version":[{"id":40073,"href":"https:\/\/mehrkorea.de\/ru\/wp-json\/wp\/v2\/product\/40067\/revisions\/40073"}],"wp:featuredmedia":[{"embeddable":true,"href":"https:\/\/mehrkorea.de\/ru\/wp-json\/wp\/v2\/media\/40071"}],"wp:attachment":[{"href":"https:\/\/mehrkorea.de\/ru\/wp-json\/wp\/v2\/media?parent=40067"}],"wp:term":[{"taxonomy":"product_brand","embeddable":true,"href":"https:\/\/mehrkorea.de\/ru\/wp-json\/wp\/v2\/product_brand?post=40067"},{"taxonomy":"product_cat","embeddable":true,"href":"https:\/\/mehrkorea.de\/ru\/wp-json\/wp\/v2\/product_cat?post=40067"},{"taxonomy":"product_tag","embeddable":true,"href":"https:\/\/mehrkorea.de\/ru\/wp-json\/wp\/v2\/product_tag?post=40067"}],"curies":[{"name":"wp","href":"https:\/\/api.w.org\/{rel}","templated":true}]}}