{"id":43777,"date":"2025-12-19T07:11:50","date_gmt":"2025-12-19T06:11:50","guid":{"rendered":"https:\/\/mehrkorea.de\/?post_type=product&#038;p=43777"},"modified":"2026-03-30T20:31:43","modified_gmt":"2026-03-30T18:31:43","slug":"celimax-dual-barrier-boosting-serum-30-ml-ru","status":"publish","type":"product","link":"https:\/\/mehrkorea.de\/ru\/shop\/%d1%83%d1%85%d0%be%d0%b4-%d0%b7%d0%b0-%d0%ba%d0%be%d0%b6%d0%b5%d0%b9\/%d1%81%d1%8b%d0%b2%d0%be%d1%80%d0%be%d1%82%d0%ba%d0%b8\/celimax-dual-barrier-boosting-serum-30-ml-ru\/","title":{"rendered":"Celimax \u0411\u0430\u0440\u044c\u0435\u0440\u043d\u0430\u044f \u0441\u044b\u0432\u043e\u0440\u043e\u0442\u043a\u0430-\u0431\u0443\u0441\u0442\u0435\u0440 \u0441 \u043a\u043e\u043c\u043f\u043b\u0435\u043a\u0441\u043e\u043c \u0446\u0435\u0440\u0430\u043c\u0438\u0434\u043e\u0432 30 \u043c\u043b."},"content":{"rendered":"<p>Water, Butylene Glycol, Glycerin, Glyceryl-26, Caprylic\/Capric Triglyceride, 1,2-Hexanediol, Dipentaerythrityl Hexa C5-9 Acid Ester, Panthenol, C14-22 Alcohols, Glyceryl Stearate, Cetearyl Alcohol, Sorbitan Sesquioleate, C12-20 Alkyl Glucoside, Carbomer, Tromethamine, Ethylhexylglycerin, Heptasodium Hexacarboxymethyl Dipeptide-12, Ceramide NP, 2,3-Butanediol, Hydrogenated Lecithin, Biosaccharide Gum-1, Ceramide NS, Ceramide AS, Ceramide AP, Cholesterol, Phytosphingosine, Dipropylene Glycol, Ceramide EOP<\/p>\n","protected":false},"excerpt":{"rendered":"<h4>\u0422\u0438\u043f \u043a\u043e\u0436\u0438:<\/h4>\n<p style=\"color: #649987;\">\u041a\u043e\u043c\u0431\u0438\u043d\u0438\u0440\u043e\u0432\u0430\u043d\u043d\u0430\u044f \u043a\u043e\u0436\u0430, \u041d\u043e\u0440\u043c\u0430\u043b\u044c\u043d\u0430\u044f \u043a\u043e\u0436\u0430, \u041f\u0440\u043e\u0431\u043b\u0435\u043c\u043d\u0430\u044f \u043a\u043e\u0436\u0430, \u0427\u0443\u0432\u0441\u0442\u0432\u0438\u0442\u0435\u043b\u044c\u043d\u0430\u044f \u043a\u043e\u0436\u0430, \u0417\u0440\u0435\u043b\u0430\u044f \u043a\u043e\u0436\u0430, \u0421\u0443\u0445\u0430\u044f \u043a\u043e\u0436\u0430, \u0422\u0443\u0441\u043a\u043b\u0430\u044f \u043a\u043e\u0436\u0430<\/p>\n<h4>\u0410\u043a\u0442\u0438\u0432\u043d\u044b\u0435 \u0438\u043d\u0433\u0440\u0435\u0434\u0438\u0435\u043d\u0442\u044b:<\/h4>\n<p><b>\u043a\u043e\u043c\u043f\u043b\u0435\u043a\u0441 \u0446\u0435\u0440\u0430\u043c\u0438\u0434\u043e\u0432,\u00a0<\/b>\u043f\u0435\u043f\u0442\u0438\u0434\u00a0<b>Aquatide, \u043f\u0430\u043d\u0442\u0435\u043d\u043e\u043b, \u0444\u0438\u0442\u043e\u0441\u0444\u0438\u043d\u0433\u043e\u0437\u0438\u043d<\/b><\/p>\n<p>Das Serum befeuchtet trockene, besch\u00e4digte und dehydrierte Haut, mildert raue Stellen, reduziert Reizungen und Straffheit. Das Mittel stellt die Hydrolipidbarriere wieder her, h\u00e4lt Feuchtigkeit zur\u00fcck, erh\u00f6ht die Schutzfunktionen der Epidermis. Beschleunigt die Regeneration, geeignet f\u00fcr den Einsatz im Winter.<\/p>\n<p>Enth\u00e4lt 5 Ceramide: Sie sind den Lipiden der Epidermis \u00e4hnlich, st\u00e4rken die nat\u00fcrliche Schutzschicht, beseitigen Peeling und Trockenheit, verhindern Feuchtigkeitsverlust, sch\u00fctzen vor Wind, Temperaturschwankungen und trockener Luft.<\/p>\n<p>Eine praktische Flasche mit Spender verhindert das Eindringen von Luft und macht die Verwendung des Produkts so hygienisch wie m\u00f6glich. Das Mittel mit einer leichten Textur zieht schnell ein und hinterl\u00e4sst ein feuchtes Finish. Enth\u00e4lt keine k\u00fcnstlichen Aromen.<\/p>\n<p>Aquatide (Heptasodium Hexacoxymethyl Dipeptide-12) ist ein einzigartiges Peptid, das den Prozess der zellul\u00e4ren Erneuerung und Reparatur der Haut ausl\u00f6st. Stimuliert die Synthese von Kollagen, Elastin und Hyalurons\u00e4ure und erh\u00f6ht die Dichte und Elastizit\u00e4t der Haut.<\/p>\n<p>Phytosphingosin, Cholesterin \u2014 Lipide, die den nat\u00fcrlichen Hydrolipidmantel der Haut bilden. Sie verst\u00e4rken die Barrierefunktion, halten die Haut hydratisiert, sch\u00fctzen Sie vor Trockenheit und Dehydrierung.<\/p>\n","protected":false},"featured_media":43781,"comment_status":"open","ping_status":"closed","template":"","meta":{"_acf_changed":false},"product_brand":[],"product_cat":[1023,2571,2561],"product_tag":[1953,1955,1952,1956,1954,1959,1957],"class_list":{"0":"post-43777","1":"product","2":"type-product","3":"status-publish","4":"has-post-thumbnail","6":"product_cat-alle-produkte","7":"product_cat-2571","8":"product_cat-2561","9":"product_tag-1953","10":"product_tag-1955","11":"product_tag-1952","12":"product_tag-1956","13":"product_tag-1954","14":"product_tag-1959","15":"product_tag-1957","16":"pa_marken-celimax-ru","17":"pa_volumen-0-03-l-ru","19":"first","20":"instock","21":"taxable","22":"shipping-taxable","23":"purchasable","24":"product-type-simple"},"acf":[],"_links":{"self":[{"href":"https:\/\/mehrkorea.de\/ru\/wp-json\/wp\/v2\/product\/43777","targetHints":{"allow":["GET"]}}],"collection":[{"href":"https:\/\/mehrkorea.de\/ru\/wp-json\/wp\/v2\/product"}],"about":[{"href":"https:\/\/mehrkorea.de\/ru\/wp-json\/wp\/v2\/types\/product"}],"replies":[{"embeddable":true,"href":"https:\/\/mehrkorea.de\/ru\/wp-json\/wp\/v2\/comments?post=43777"}],"version-history":[{"count":3,"href":"https:\/\/mehrkorea.de\/ru\/wp-json\/wp\/v2\/product\/43777\/revisions"}],"predecessor-version":[{"id":43786,"href":"https:\/\/mehrkorea.de\/ru\/wp-json\/wp\/v2\/product\/43777\/revisions\/43786"}],"wp:featuredmedia":[{"embeddable":true,"href":"https:\/\/mehrkorea.de\/ru\/wp-json\/wp\/v2\/media\/43781"}],"wp:attachment":[{"href":"https:\/\/mehrkorea.de\/ru\/wp-json\/wp\/v2\/media?parent=43777"}],"wp:term":[{"taxonomy":"product_brand","embeddable":true,"href":"https:\/\/mehrkorea.de\/ru\/wp-json\/wp\/v2\/product_brand?post=43777"},{"taxonomy":"product_cat","embeddable":true,"href":"https:\/\/mehrkorea.de\/ru\/wp-json\/wp\/v2\/product_cat?post=43777"},{"taxonomy":"product_tag","embeddable":true,"href":"https:\/\/mehrkorea.de\/ru\/wp-json\/wp\/v2\/product_tag?post=43777"}],"curies":[{"name":"wp","href":"https:\/\/api.w.org\/{rel}","templated":true}]}}